{"id":120,"date":"2016-11-13T20:34:25","date_gmt":"2016-11-13T20:34:25","guid":{"rendered":"http:\/\/parkanonkamppailu.fi.144-76-69-251.luminka.com\/?page_id=120"},"modified":"2016-11-13T20:34:25","modified_gmt":"2016-11-13T20:34:25","slug":"tukijat","status":"publish","type":"page","link":"https:\/\/parkanonkamppailu.fi\/?page_id=120","title":{"rendered":"Tukijat"},"content":{"rendered":"<p>Seuramme toiminta on riippuvainen tukijoistamme. Ilman heit\u00e4 ei toimintamme olisi mahdollista. Erityisesti varustehankinnat, mukaan lukien harjoitustatamit, on hankittu tukijoiden avustuksella. Kiitos kaikille tukijoillemme!<\/p>\n<p>Seuramme toimii t\u00e4ysin vapaaehtoisperiaatteella. Kaikki seuran varat ohjataan harjoitustilan yll\u00e4pit\u00e4miseen ja varustehankintoihin.<\/p>\n","protected":false},"excerpt":{"rendered":"<p>Seuramme toiminta on riippuvainen tukijoistamme. Ilman heit\u00e4 ei toimintamme olisi mahdollista. Erityisesti varustehankinnat, mukaan lukien harjoitustatamit, on hankittu tukijoiden avustuksella. Kiitos kaikille tukijoillemme! Seuramme toimii t\u00e4ysin vapaaehtoisperiaatteella. Kaikki seuran varat ohjataan harjoitustilan yll\u00e4pit\u00e4miseen ja varustehankintoihin.<\/p>\n","protected":false},"author":2,"featured_media":0,"parent":0,"menu_order":0,"comment_status":"closed","ping_status":"closed","template":"template-fullwidth.php","meta":{"footnotes":""},"class_list":["post-120","page","type-page","status-publish","hentry"],"_links":{"self":[{"href":"https:\/\/parkanonkamppailu.fi\/index.php?rest_route=\/wp\/v2\/pages\/120","targetHints":{"allow":["GET"]}}],"collection":[{"href":"https:\/\/parkanonkamppailu.fi\/index.php?rest_route=\/wp\/v2\/pages"}],"about":[{"href":"https:\/\/parkanonkamppailu.fi\/index.php?rest_route=\/wp\/v2\/types\/page"}],"author":[{"embeddable":true,"href":"https:\/\/parkanonkamppailu.fi\/index.php?rest_route=\/wp\/v2\/users\/2"}],"replies":[{"embeddable":true,"href":"https:\/\/parkanonkamppailu.fi\/index.php?rest_route=%2Fwp%2Fv2%2Fcomments&post=120"}],"version-history":[{"count":1,"href":"https:\/\/parkanonkamppailu.fi\/index.php?rest_route=\/wp\/v2\/pages\/120\/revisions"}],"predecessor-version":[{"id":122,"href":"https:\/\/parkanonkamppailu.fi\/index.php?rest_route=\/wp\/v2\/pages\/120\/revisions\/122"}],"wp:attachment":[{"href":"https:\/\/parkanonkamppailu.fi\/index.php?rest_route=%2Fwp%2Fv2%2Fmedia&parent=120"}],"curies":[{"name":"wp","href":"https:\/\/api.w.org\/{rel}","templated":true}]}}