{"id":124,"date":"2016-11-13T20:42:59","date_gmt":"2016-11-13T20:42:59","guid":{"rendered":"http:\/\/parkanonkamppailu.fi.144-76-69-251.luminka.com\/?page_id=124"},"modified":"2024-01-13T12:38:30","modified_gmt":"2024-01-13T12:38:30","slug":"videoita","status":"publish","type":"page","link":"https:\/\/parkanonkamppailu.fi\/?page_id=124","title":{"rendered":"Seura somessa"},"content":{"rendered":"\n<p>Seuraa meit\u00e4 Instagramissa ja Facebookissa. P\u00e4ivit\u00e4mme kuvia ja videoita erityisesti Instagramissa parkanonkamppailu- tilille. K\u00e4yt\u00e4mme aktiivisesti #harrastekarate #parkanoharrastaa #karatefinland #parkanonkamppailuseura.<\/p>\n","protected":false},"excerpt":{"rendered":"<p>Seuraa meit\u00e4 Instagramissa ja Facebookissa. P\u00e4ivit\u00e4mme kuvia ja videoita erityisesti Instagramissa parkanonkamppailu- tilille. K\u00e4yt\u00e4mme aktiivisesti #harrastekarate #parkanoharrastaa #karatefinland #parkanonkamppailuseura.<\/p>\n","protected":false},"author":2,"featured_media":0,"parent":0,"menu_order":0,"comment_status":"closed","ping_status":"closed","template":"template-fullwidth.php","meta":{"footnotes":""},"class_list":["post-124","page","type-page","status-publish","hentry"],"_links":{"self":[{"href":"https:\/\/parkanonkamppailu.fi\/index.php?rest_route=\/wp\/v2\/pages\/124","targetHints":{"allow":["GET"]}}],"collection":[{"href":"https:\/\/parkanonkamppailu.fi\/index.php?rest_route=\/wp\/v2\/pages"}],"about":[{"href":"https:\/\/parkanonkamppailu.fi\/index.php?rest_route=\/wp\/v2\/types\/page"}],"author":[{"embeddable":true,"href":"https:\/\/parkanonkamppailu.fi\/index.php?rest_route=\/wp\/v2\/users\/2"}],"replies":[{"embeddable":true,"href":"https:\/\/parkanonkamppailu.fi\/index.php?rest_route=%2Fwp%2Fv2%2Fcomments&post=124"}],"version-history":[{"count":5,"href":"https:\/\/parkanonkamppailu.fi\/index.php?rest_route=\/wp\/v2\/pages\/124\/revisions"}],"predecessor-version":[{"id":424,"href":"https:\/\/parkanonkamppailu.fi\/index.php?rest_route=\/wp\/v2\/pages\/124\/revisions\/424"}],"wp:attachment":[{"href":"https:\/\/parkanonkamppailu.fi\/index.php?rest_route=%2Fwp%2Fv2%2Fmedia&parent=124"}],"curies":[{"name":"wp","href":"https:\/\/api.w.org\/{rel}","templated":true}]}}