{"id":128,"date":"2016-11-13T21:00:09","date_gmt":"2016-11-13T21:00:09","guid":{"rendered":"http:\/\/parkanonkamppailu.fi.144-76-69-251.luminka.com\/?page_id=128"},"modified":"2023-01-16T07:18:38","modified_gmt":"2023-01-16T07:18:38","slug":"tule-mukaan","status":"publish","type":"page","link":"https:\/\/parkanonkamppailu.fi\/","title":{"rendered":"Tule mukaan!"},"content":{"rendered":"<p>Tervetuloa monipuolisen kamppailulajin pariin. Seurassamme harjoittelee yli 40 aktiivista j\u00e4sent\u00e4. Harrastajam\u00e4\u00e4r\u00e4 jakaantuu suurin piirtein tasan aikuisten ja nuorten ryhm\u00e4n sek\u00e4 lasten ryhmien kesken.<\/p>\n<p>Harjoitukset sopivat kaikille i\u00e4st\u00e4, sukupuolesta, aikaisemmasta kokemuksesta tai fyysisest\u00e4 kunnosta riippumatta. Jokainen voi edet\u00e4 ja harjoitella omia mahdollisuuksiensa mukaan.<\/p>\n<p>Peruskurssit alkavat aina syksyisin. Ota rohkeasti yhteytt\u00e4.<\/p>\n<p><span class=\"color_11\">Lue sivuiltamme lis\u00e4\u00e4. L\u00f6yd\u00e4t meid\u00e4t my\u00f6s facebookista ja instagramista.<\/span><\/p>\n","protected":false},"excerpt":{"rendered":"<p>Tervetuloa monipuolisen kamppailulajin pariin. Seurassamme harjoittelee yli 40 aktiivista j\u00e4sent\u00e4. Harrastajam\u00e4\u00e4r\u00e4 jakaantuu suurin piirtein tasan aikuisten ja nuorten ryhm\u00e4n sek\u00e4 lasten ryhmien kesken. Harjoitukset sopivat kaikille i\u00e4st\u00e4, sukupuolesta, aikaisemmasta kokemuksesta tai fyysisest\u00e4 kunnosta riippumatta. Jokainen voi edet\u00e4 ja harjoitella omia mahdollisuuksiensa mukaan. Peruskurssit alkavat aina syksyisin. Ota rohkeasti yhteytt\u00e4. Lue sivuiltamme lis\u00e4\u00e4. L\u00f6yd\u00e4t meid\u00e4t my\u00f6s facebookista ja instagramista.<\/p>\n","protected":false},"author":2,"featured_media":0,"parent":0,"menu_order":0,"comment_status":"closed","ping_status":"closed","template":"","meta":{"footnotes":""},"class_list":["post-128","page","type-page","status-publish","hentry"],"_links":{"self":[{"href":"https:\/\/parkanonkamppailu.fi\/index.php?rest_route=\/wp\/v2\/pages\/128","targetHints":{"allow":["GET"]}}],"collection":[{"href":"https:\/\/parkanonkamppailu.fi\/index.php?rest_route=\/wp\/v2\/pages"}],"about":[{"href":"https:\/\/parkanonkamppailu.fi\/index.php?rest_route=\/wp\/v2\/types\/page"}],"author":[{"embeddable":true,"href":"https:\/\/parkanonkamppailu.fi\/index.php?rest_route=\/wp\/v2\/users\/2"}],"replies":[{"embeddable":true,"href":"https:\/\/parkanonkamppailu.fi\/index.php?rest_route=%2Fwp%2Fv2%2Fcomments&post=128"}],"version-history":[{"count":15,"href":"https:\/\/parkanonkamppailu.fi\/index.php?rest_route=\/wp\/v2\/pages\/128\/revisions"}],"predecessor-version":[{"id":382,"href":"https:\/\/parkanonkamppailu.fi\/index.php?rest_route=\/wp\/v2\/pages\/128\/revisions\/382"}],"wp:attachment":[{"href":"https:\/\/parkanonkamppailu.fi\/index.php?rest_route=%2Fwp%2Fv2%2Fmedia&parent=128"}],"curies":[{"name":"wp","href":"https:\/\/api.w.org\/{rel}","templated":true}]}}