{"id":180,"date":"2016-11-26T10:45:15","date_gmt":"2016-11-26T10:45:15","guid":{"rendered":"http:\/\/parkanonkamppailu.fi.144-76-69-251.luminka.com\/?page_id=180"},"modified":"2024-01-13T12:21:41","modified_gmt":"2024-01-13T12:21:41","slug":"koryu-uchinadi-suomessa","status":"publish","type":"page","link":"https:\/\/parkanonkamppailu.fi\/?page_id=180","title":{"rendered":"Koryu Uchinadi"},"content":{"rendered":"\n<p>Koryu Uchinadi on nykyaikainen tulkinta vanhasta Okinawalaisesta karatesta.&nbsp;Lajin juuret ovat&nbsp; it\u00e4-Kiinan merell\u00e4 sijaisevalla pienell\u00e4 Okinawan saarella, joka toimi er\u00e4\u00e4nlaisen taistelutaitojen sulatusuunina aikana, jolloin kamppailutaitoja tarvittiin hengiss\u00e4 selvi\u00e4miseen. Karaten historia on siis vuosisatoja vanha. Varhaisimmat tiedot Okinawalaisesta kamppailutaidosta tunnetaan aina 1300-luvulta l\u00e4htien. Luonnollisesti karaten varhaisemmista vaiheista ei dokumentoitua tietoa ole paljoakaan saatavilla.<\/p>\n\n\n\n<p>Koryu Uchinadi perustuu karatepioneerin ja historioitsijan Patrick McCarthyn 10.dan tutkimuksiin. McCarthy on tutkinut kamppalulajien historiaa ja sis\u00e4lt\u00f6j\u00e4 noin 30- vuotta matkustaen ja asuen Okinawalla, Japanissa, Kiinassa ja muissa It\u00e4-Aasian maissa.<\/p>\n\n\n\n<p>Koryu Uchinadi tarkoittaa vapaasti k\u00e4\u00e4nnettyn\u00e4 vanhaa okinawalaista&nbsp;kamppailutaitoa. Karaten levitty\u00e4 Okinawalta Japaniin ja maailmalle&nbsp;harjoittelun p\u00e4\u00e4paino tuli olemaan ihmisluonteen ja harrastajien fysiikan&nbsp;kehitt\u00e4misess\u00e4 sek\u00e4 kilpaurheilussa. Okinawalainen karate taas&nbsp;keskittyi toimivaan itsepuolustukseen apuv\u00e4lineen\u00e4\u00e4n vanhat&nbsp;liikesarjat eli katat.<\/p>\n\n\n\n<p>Koryu Uchinadissa tehokkaiksi havaitut tekniikat on systematisoitu&nbsp;toimivaksi kokonaisuudeksi. Opetuksessa k\u00e4ytet\u00e4\u00e4n moderneja&nbsp;opetusmetodeja ja nykyp\u00e4iv\u00e4n valmennustietoutta. Tekniikoiden&nbsp;suoritustapaa pyrit\u00e4\u00e4n jatkuvasti parantamaan kriittisell\u00e4&nbsp;ajattelulla ja tieteellisell\u00e4 l\u00e4hestymistavalla.<\/p>\n\n\n\n<p>T\u00e4m\u00e4n takia Suomessa harjoiteltavassa Koryu Uchinadissa on mukana vaikutteita my\u00f6s moderneista lajeista kuten vapaaottelu, lukkopaini ja potkunyrkkeily. P\u00e4\u00e4paino on kuitenkin itsepuolustustaidon kehitt\u00e4misess\u00e4. Ylemmill\u00e4 v\u00f6ill\u00e4 tavoitteena on kokonaisvaltainen ymm\u00e4rrys aseettomasta kamppailusta, sek\u00e4 taito soveltaa oppimansa tilanteessa kuin tilanteessa.<\/p>\n\n\n\n<p>Koryu Uchinadi sis\u00e4lt\u00e4\u00e4 kamppailun pystyss\u00e4, maassa sek\u00e4 muissa mahdollisissa itsepuolustustilanteissa, mm. puolustautumisen aseistautunutta hy\u00f6kk\u00e4\u00e4j\u00e4\u00e4 vastaan. Tekniikkavalikoimaan kuuluvat ly\u00f6ntien, potkujen ja torjuntojen lis\u00e4ksi mm. erilaisia kaatoja, heittoja, hallintaotteita, nivellukkoja, kehon luontaisten heikkouksien hy\u00f6dynt\u00e4mist\u00e4, mattokamppailua jne.<\/p>\n\n\n\n<p>Suomessa Koryu Uchinadi Kenpo Jutsun p\u00e4\u00e4kouluttajan toimii Kyoshi Ante Br\u00e4nnbacka 7.dan.<\/p>\n\n\n\n<p>Lis\u00e4tietoja l\u00f6ytyy osoitteesta&nbsp;<a href=\"http:\/\/www.koryu-uchinadi.fi\/\">http:\/\/www.koryu-uchinadi.fi\/<\/a>.<\/p>\n","protected":false},"excerpt":{"rendered":"<p>Koryu Uchinadi on nykyaikainen tulkinta vanhasta Okinawalaisesta karatesta.&nbsp;Lajin juuret ovat&nbsp; it\u00e4-Kiinan merell\u00e4 sijaisevalla pienell\u00e4 Okinawan saarella, joka toimi er\u00e4\u00e4nlaisen taistelutaitojen sulatusuunina aikana, jolloin kamppailutaitoja tarvittiin hengiss\u00e4 selvi\u00e4miseen. Karaten historia on siis vuosisatoja vanha. Varhaisimmat tiedot Okinawalaisesta kamppailutaidosta tunnetaan aina 1300-luvulta l\u00e4htien. Luonnollisesti karaten varhaisemmista vaiheista ei dokumentoitua tietoa ole paljoakaan saatavilla. Koryu Uchinadi perustuu karatepioneerin ja historioitsijan Patrick McCarthyn 10.dan<\/p>\n","protected":false},"author":2,"featured_media":415,"parent":0,"menu_order":0,"comment_status":"closed","ping_status":"closed","template":"","meta":{"footnotes":""},"class_list":["post-180","page","type-page","status-publish","has-post-thumbnail","hentry"],"_links":{"self":[{"href":"https:\/\/parkanonkamppailu.fi\/index.php?rest_route=\/wp\/v2\/pages\/180","targetHints":{"allow":["GET"]}}],"collection":[{"href":"https:\/\/parkanonkamppailu.fi\/index.php?rest_route=\/wp\/v2\/pages"}],"about":[{"href":"https:\/\/parkanonkamppailu.fi\/index.php?rest_route=\/wp\/v2\/types\/page"}],"author":[{"embeddable":true,"href":"https:\/\/parkanonkamppailu.fi\/index.php?rest_route=\/wp\/v2\/users\/2"}],"replies":[{"embeddable":true,"href":"https:\/\/parkanonkamppailu.fi\/index.php?rest_route=%2Fwp%2Fv2%2Fcomments&post=180"}],"version-history":[{"count":9,"href":"https:\/\/parkanonkamppailu.fi\/index.php?rest_route=\/wp\/v2\/pages\/180\/revisions"}],"predecessor-version":[{"id":416,"href":"https:\/\/parkanonkamppailu.fi\/index.php?rest_route=\/wp\/v2\/pages\/180\/revisions\/416"}],"wp:featuredmedia":[{"embeddable":true,"href":"https:\/\/parkanonkamppailu.fi\/index.php?rest_route=\/wp\/v2\/media\/415"}],"wp:attachment":[{"href":"https:\/\/parkanonkamppailu.fi\/index.php?rest_route=%2Fwp%2Fv2%2Fmedia&parent=180"}],"curies":[{"name":"wp","href":"https:\/\/api.w.org\/{rel}","templated":true}]}}