{"id":299,"date":"2019-03-10T20:32:05","date_gmt":"2019-03-10T20:32:05","guid":{"rendered":"http:\/\/parkanonkamppailu.fi\/?page_id=299"},"modified":"2024-01-13T12:19:00","modified_gmt":"2024-01-13T12:19:00","slug":"karate","status":"publish","type":"page","link":"https:\/\/parkanonkamppailu.fi\/?page_id=299","title":{"rendered":"Karate"},"content":{"rendered":"\n<p><\/p>\n\n\n\n<p><strong>Koryu Uchinadi <\/strong><br>Pohjan muodostaa &#8221;<strong>kuntokarate&#8221;,<\/strong> jonka tyylisuunta on Koryu Uchinadi kenpo jutsu. Koryu Uchinadissa keskityt\u00e4\u00e4n monipuoliseen kamppailu- ja itsepuolustusosaamiseen sek\u00e4 terveyden ja fyysisen kunnon edist\u00e4miseen. Harjoituksiin osallistuminen ei vaadi aikaisempaa taustaa tai erityisominaisuuksia. <\/p>\n\n\n\n<p><strong>Kilpakarate\/ Juniorit<\/strong><br>Kilpakarate on suunnattu juniori-ik\u00e4isille harrastajille. Karatella on maailmanlaajuisesti 10 miljoonaa aktiivista kilpailijaa, 194 kansallista lajiliittoa. 65 % prosenttia urheilijoista on alle 21 vuotiaita ja 40% urheilijoista on naisia. Karate oli Olympialaji Tokiossa 2020. Kilpakaraten harrastajat harjoittelevat oheisharjoitteena my\u00f6s muuta kamppailua. <\/p>\n\n\n\n<p><strong>Juniorikarate<\/strong><br>Juniorikaratessa harjoitellaan karatetekniikoiden lis\u00e4ksi laajasti liikkuvuutta, nopeutta, kehonhallintaa, liikunnallisia el\u00e4m\u00e4ntapoja ja toisten huomioimista. Juniorikaraten kantava voima on &#8221;Kamppailija ei kiusaa&#8221; teema. Juniorikarate sopiikin hyvin my\u00f6s tukilajiksi muille urheilulajeille. <\/p>\n\n\n\n<p><\/p>\n","protected":false},"excerpt":{"rendered":"<p>Koryu Uchinadi Pohjan muodostaa &#8221;kuntokarate&#8221;, jonka tyylisuunta on Koryu Uchinadi kenpo jutsu. Koryu Uchinadissa keskityt\u00e4\u00e4n monipuoliseen kamppailu- ja itsepuolustusosaamiseen sek\u00e4 terveyden ja fyysisen kunnon edist\u00e4miseen. Harjoituksiin osallistuminen ei vaadi aikaisempaa taustaa tai erityisominaisuuksia. Kilpakarate\/ JunioritKilpakarate on suunnattu juniori-ik\u00e4isille harrastajille. Karatella on maailmanlaajuisesti 10 miljoonaa aktiivista kilpailijaa, 194 kansallista lajiliittoa. 65 % prosenttia urheilijoista on alle 21 vuotiaita ja 40% urheilijoista<\/p>\n","protected":false},"author":2,"featured_media":412,"parent":0,"menu_order":0,"comment_status":"closed","ping_status":"closed","template":"","meta":{"footnotes":""},"class_list":["post-299","page","type-page","status-publish","has-post-thumbnail","hentry"],"_links":{"self":[{"href":"https:\/\/parkanonkamppailu.fi\/index.php?rest_route=\/wp\/v2\/pages\/299","targetHints":{"allow":["GET"]}}],"collection":[{"href":"https:\/\/parkanonkamppailu.fi\/index.php?rest_route=\/wp\/v2\/pages"}],"about":[{"href":"https:\/\/parkanonkamppailu.fi\/index.php?rest_route=\/wp\/v2\/types\/page"}],"author":[{"embeddable":true,"href":"https:\/\/parkanonkamppailu.fi\/index.php?rest_route=\/wp\/v2\/users\/2"}],"replies":[{"embeddable":true,"href":"https:\/\/parkanonkamppailu.fi\/index.php?rest_route=%2Fwp%2Fv2%2Fcomments&post=299"}],"version-history":[{"count":8,"href":"https:\/\/parkanonkamppailu.fi\/index.php?rest_route=\/wp\/v2\/pages\/299\/revisions"}],"predecessor-version":[{"id":413,"href":"https:\/\/parkanonkamppailu.fi\/index.php?rest_route=\/wp\/v2\/pages\/299\/revisions\/413"}],"wp:featuredmedia":[{"embeddable":true,"href":"https:\/\/parkanonkamppailu.fi\/index.php?rest_route=\/wp\/v2\/media\/412"}],"wp:attachment":[{"href":"https:\/\/parkanonkamppailu.fi\/index.php?rest_route=%2Fwp%2Fv2%2Fmedia&parent=299"}],"curies":[{"name":"wp","href":"https:\/\/api.w.org\/{rel}","templated":true}]}}