{"id":312,"date":"2019-03-10T21:01:10","date_gmt":"2019-03-10T21:01:10","guid":{"rendered":"http:\/\/parkanonkamppailu.fi\/?page_id=312"},"modified":"2024-01-13T12:23:45","modified_gmt":"2024-01-13T12:23:45","slug":"kilpakarate","status":"publish","type":"page","link":"https:\/\/parkanonkamppailu.fi\/?page_id=312","title":{"rendered":"Kilpakarate"},"content":{"rendered":"\n<p>Kilpakarate on suunnattu juniori-ik\u00e4isille harrastajille. Kilpakarate harjoituksissa tavoitteena on karatekilpailuissa menestyminen. Karate on nykyp\u00e4iv\u00e4n\u00e4 yksi maailman harrastetuimmista urheilulajeista. Harrastamalla karatea ei tarvitse j\u00e4\u00e4d\u00e4 marginaaliin. Karatella on maailmanlaajuisesti 10 miljoonaa aktiivista kilpailijaa, 194 kansallista lajiliittoa. 65 % prosenttia urheilijoista on alle 21 vuotiaita ja 40% urheilijoista on naisia. Karate oli Olympialaji Tokiossa 2020. <\/p>\n\n\n\n<p>Kilpakaraten harrastajat harjoittelevat oheisharjoitteena my\u00f6s muuta kamppailua sek\u00e4 lajissa tarvittavia fyysisi\u00e4 ominaisuuksia, kuten nopeutta, liikkuvuutta ja r\u00e4j\u00e4ht\u00e4v\u00e4\u00e4 voimaa. <br><\/p>\n","protected":false},"excerpt":{"rendered":"<p>Kilpakarate on suunnattu juniori-ik\u00e4isille harrastajille. Kilpakarate harjoituksissa tavoitteena on karatekilpailuissa menestyminen. Karate on nykyp\u00e4iv\u00e4n\u00e4 yksi maailman harrastetuimmista urheilulajeista. Harrastamalla karatea ei tarvitse j\u00e4\u00e4d\u00e4 marginaaliin. Karatella on maailmanlaajuisesti 10 miljoonaa aktiivista kilpailijaa, 194 kansallista lajiliittoa. 65 % prosenttia urheilijoista on alle 21 vuotiaita ja 40% urheilijoista on naisia. Karate oli Olympialaji Tokiossa 2020. Kilpakaraten harrastajat harjoittelevat oheisharjoitteena my\u00f6s muuta kamppailua sek\u00e4<\/p>\n","protected":false},"author":2,"featured_media":410,"parent":0,"menu_order":0,"comment_status":"closed","ping_status":"closed","template":"","meta":{"footnotes":""},"class_list":["post-312","page","type-page","status-publish","has-post-thumbnail","hentry"],"_links":{"self":[{"href":"https:\/\/parkanonkamppailu.fi\/index.php?rest_route=\/wp\/v2\/pages\/312","targetHints":{"allow":["GET"]}}],"collection":[{"href":"https:\/\/parkanonkamppailu.fi\/index.php?rest_route=\/wp\/v2\/pages"}],"about":[{"href":"https:\/\/parkanonkamppailu.fi\/index.php?rest_route=\/wp\/v2\/types\/page"}],"author":[{"embeddable":true,"href":"https:\/\/parkanonkamppailu.fi\/index.php?rest_route=\/wp\/v2\/users\/2"}],"replies":[{"embeddable":true,"href":"https:\/\/parkanonkamppailu.fi\/index.php?rest_route=%2Fwp%2Fv2%2Fcomments&post=312"}],"version-history":[{"count":3,"href":"https:\/\/parkanonkamppailu.fi\/index.php?rest_route=\/wp\/v2\/pages\/312\/revisions"}],"predecessor-version":[{"id":418,"href":"https:\/\/parkanonkamppailu.fi\/index.php?rest_route=\/wp\/v2\/pages\/312\/revisions\/418"}],"wp:featuredmedia":[{"embeddable":true,"href":"https:\/\/parkanonkamppailu.fi\/index.php?rest_route=\/wp\/v2\/media\/410"}],"wp:attachment":[{"href":"https:\/\/parkanonkamppailu.fi\/index.php?rest_route=%2Fwp%2Fv2%2Fmedia&parent=312"}],"curies":[{"name":"wp","href":"https:\/\/api.w.org\/{rel}","templated":true}]}}