{"id":34,"date":"2016-11-13T18:04:08","date_gmt":"2016-11-13T18:04:08","guid":{"rendered":"http:\/\/parkanonkamppailu.fi.144-76-69-251.luminka.com\/?page_id=34"},"modified":"2019-08-09T19:13:52","modified_gmt":"2019-08-09T19:13:52","slug":"testi","status":"publish","type":"page","link":"https:\/\/parkanonkamppailu.fi\/?page_id=34","title":{"rendered":"Toiminta"},"content":{"rendered":"<p><strong>Mit\u00e4?<\/strong><\/p>\n<p>Karate on monipuolinen kamppailu-urheilun muoto. Lajia voi harjoitella itsepuolustuksen, kunnon kohotuksen tai kamppailuosaamisen vuoksi.<\/p>\n<p><strong>Kenelle?<\/strong><\/p>\n<p>Harjoitukset sopivat kaikille i\u00e4st\u00e4 tai kunnosta riippumatta. Vaatimuksena on iloinen mieli ja halu oppia.\u00a0Peruskurssilla tarvitset vain urheiluhousut ja T-paidan.<\/p>\n<p><strong>Miten?<\/strong><\/p>\n<p>J\u00e4rjest\u00e4mme aikuisten\/nuorten\u00a0sek\u00e4 7-12 vuotiaiden lasten\u00a0peruskurssit syksyisin.\u00a0Peruskurssilta siirryt\u00e4\u00e4n edistyneempien ryhm\u00e4\u00e4n ik\u00e4luokan mukaisesti.<\/p>\n<p><strong>Dojo<\/strong><\/p>\n<p>Seurallamme on oma sali, joten harjoituksemme ovat aina primetime &#8211; aikaan. Salillamme on hyv\u00e4t ja turvalliset harjoitusolosuhteet. Harjoitukset vet\u00e4\u00e4 aina kokenut valmentaja.<\/p>\n<p><strong>Kustannukset<\/strong><\/p>\n<p>Harjoittelumaksu maksetaan erikseen syys- ja kev\u00e4tkaudelta. Aikuisten peruskurssin hinta on 100,00\u20ac.\u00a0Peruskurssi kest\u00e4\u00e4 syyskauden. V\u00e4riv\u00f6iden kausimaksu on 140,00 \u20ac.\u00a0Junnujen kausimaksu on kaikilta (v\u00e4rivy\u00f6t ja peruskurssi) 90,00 \u20ac. Muita kustannuksia syntyy mm.\u00a0vy\u00f6koemaksuista, karatepassista, v\u00f6ist\u00e4, vakuutuksesta jne. Yksitt\u00e4iset kustannukset ovat yleens\u00e4 muutamia kymppej\u00e4. Karatepuku maksaa 30 \u20ac &#8211; 100 \u20ac:n v\u00e4lill\u00e4 ja k\u00e4si- ja jalkasuojat muutamia kymppej\u00e4.<\/p>\n<p><strong>Kuulumme<\/strong><\/p>\n<p>Suomen karateliitoon\u00a0sek\u00e4\u00a0olemme International Ryukyu Karate Research Societyn j\u00e4senseura.<\/p>\n","protected":false},"excerpt":{"rendered":"<p>Mit\u00e4? Karate on monipuolinen kamppailu-urheilun muoto. Lajia voi harjoitella itsepuolustuksen, kunnon kohotuksen tai kamppailuosaamisen vuoksi. Kenelle? Harjoitukset sopivat kaikille i\u00e4st\u00e4 tai kunnosta riippumatta. Vaatimuksena on iloinen mieli ja halu oppia.\u00a0Peruskurssilla tarvitset vain urheiluhousut ja T-paidan. Miten? J\u00e4rjest\u00e4mme aikuisten\/nuorten\u00a0sek\u00e4 7-12 vuotiaiden lasten\u00a0peruskurssit syksyisin.\u00a0Peruskurssilta siirryt\u00e4\u00e4n edistyneempien ryhm\u00e4\u00e4n ik\u00e4luokan mukaisesti. Dojo Seurallamme on oma sali, joten harjoituksemme ovat aina primetime &#8211; aikaan. Salillamme<\/p>\n","protected":false},"author":2,"featured_media":0,"parent":0,"menu_order":0,"comment_status":"closed","ping_status":"closed","template":"template-fullwidth.php","meta":{"footnotes":""},"class_list":["post-34","page","type-page","status-publish","hentry"],"_links":{"self":[{"href":"https:\/\/parkanonkamppailu.fi\/index.php?rest_route=\/wp\/v2\/pages\/34","targetHints":{"allow":["GET"]}}],"collection":[{"href":"https:\/\/parkanonkamppailu.fi\/index.php?rest_route=\/wp\/v2\/pages"}],"about":[{"href":"https:\/\/parkanonkamppailu.fi\/index.php?rest_route=\/wp\/v2\/types\/page"}],"author":[{"embeddable":true,"href":"https:\/\/parkanonkamppailu.fi\/index.php?rest_route=\/wp\/v2\/users\/2"}],"replies":[{"embeddable":true,"href":"https:\/\/parkanonkamppailu.fi\/index.php?rest_route=%2Fwp%2Fv2%2Fcomments&post=34"}],"version-history":[{"count":7,"href":"https:\/\/parkanonkamppailu.fi\/index.php?rest_route=\/wp\/v2\/pages\/34\/revisions"}],"predecessor-version":[{"id":320,"href":"https:\/\/parkanonkamppailu.fi\/index.php?rest_route=\/wp\/v2\/pages\/34\/revisions\/320"}],"wp:attachment":[{"href":"https:\/\/parkanonkamppailu.fi\/index.php?rest_route=%2Fwp%2Fv2%2Fmedia&parent=34"}],"curies":[{"name":"wp","href":"https:\/\/api.w.org\/{rel}","templated":true}]}}