{"id":42,"date":"2016-11-13T19:22:19","date_gmt":"2016-11-13T19:22:19","guid":{"rendered":"http:\/\/parkanonkamppailu.fi.144-76-69-251.luminka.com\/?page_id=42"},"modified":"2024-01-13T11:59:44","modified_gmt":"2024-01-13T11:59:44","slug":"sali-dojo","status":"publish","type":"page","link":"https:\/\/parkanonkamppailu.fi\/?page_id=42","title":{"rendered":"Dojo"},"content":{"rendered":"<p>Salimme sijaitsee osoitteessa parkanontie 33.<\/p>\n<p>Harjoitussalin koko on 200 m2, josta 160m2 on tatamia.<\/p>\n<p>Salilta l\u00f6ytyy nyrkkeilys\u00e4kkej\u00e4, heiluripallo, makiwara ja muita harjoitteluv\u00e4lineit\u00e4.<\/p>\n<p>K\u00e4ynti dojolle on rakennuksen pohjoisp\u00e4\u00e4dyst\u00e4.<\/p>\n\n\n<figure class=\"wp-block-image size-large\"><img loading=\"lazy\" decoding=\"async\" width=\"1024\" height=\"768\" src=\"https:\/\/parkanonkamppailu.fi\/wp-content\/uploads\/2024\/01\/IMG_4360-1024x768.jpeg\" alt=\"\" class=\"wp-image-400\" srcset=\"https:\/\/parkanonkamppailu.fi\/wp-content\/uploads\/2024\/01\/IMG_4360-1024x768.jpeg 1024w, https:\/\/parkanonkamppailu.fi\/wp-content\/uploads\/2024\/01\/IMG_4360-300x225.jpeg 300w, https:\/\/parkanonkamppailu.fi\/wp-content\/uploads\/2024\/01\/IMG_4360-768x576.jpeg 768w, https:\/\/parkanonkamppailu.fi\/wp-content\/uploads\/2024\/01\/IMG_4360-1536x1152.jpeg 1536w, https:\/\/parkanonkamppailu.fi\/wp-content\/uploads\/2024\/01\/IMG_4360-2048x1536.jpeg 2048w\" sizes=\"auto, (max-width: 1024px) 100vw, 1024px\" \/><\/figure>\n\n\n\n<figure class=\"wp-block-image size-large\"><img loading=\"lazy\" decoding=\"async\" width=\"1024\" height=\"768\" src=\"https:\/\/parkanonkamppailu.fi\/wp-content\/uploads\/2024\/01\/IMG_4366-1024x768.jpeg\" alt=\"\" class=\"wp-image-403\" srcset=\"https:\/\/parkanonkamppailu.fi\/wp-content\/uploads\/2024\/01\/IMG_4366-1024x768.jpeg 1024w, https:\/\/parkanonkamppailu.fi\/wp-content\/uploads\/2024\/01\/IMG_4366-300x225.jpeg 300w, https:\/\/parkanonkamppailu.fi\/wp-content\/uploads\/2024\/01\/IMG_4366-768x576.jpeg 768w, https:\/\/parkanonkamppailu.fi\/wp-content\/uploads\/2024\/01\/IMG_4366-1536x1152.jpeg 1536w, https:\/\/parkanonkamppailu.fi\/wp-content\/uploads\/2024\/01\/IMG_4366-2048x1536.jpeg 2048w\" sizes=\"auto, (max-width: 1024px) 100vw, 1024px\" \/><\/figure>\n","protected":false},"excerpt":{"rendered":"<p>Salimme sijaitsee osoitteessa parkanontie 33. Harjoitussalin koko on 200 m2, josta 160m2 on tatamia. Salilta l\u00f6ytyy nyrkkeilys\u00e4kkej\u00e4, heiluripallo, makiwara ja muita harjoitteluv\u00e4lineit\u00e4. K\u00e4ynti dojolle on rakennuksen pohjoisp\u00e4\u00e4dyst\u00e4.<\/p>\n","protected":false},"author":2,"featured_media":400,"parent":0,"menu_order":0,"comment_status":"closed","ping_status":"closed","template":"template-fullwidth.php","meta":{"footnotes":""},"class_list":["post-42","page","type-page","status-publish","has-post-thumbnail","hentry"],"_links":{"self":[{"href":"https:\/\/parkanonkamppailu.fi\/index.php?rest_route=\/wp\/v2\/pages\/42","targetHints":{"allow":["GET"]}}],"collection":[{"href":"https:\/\/parkanonkamppailu.fi\/index.php?rest_route=\/wp\/v2\/pages"}],"about":[{"href":"https:\/\/parkanonkamppailu.fi\/index.php?rest_route=\/wp\/v2\/types\/page"}],"author":[{"embeddable":true,"href":"https:\/\/parkanonkamppailu.fi\/index.php?rest_route=\/wp\/v2\/users\/2"}],"replies":[{"embeddable":true,"href":"https:\/\/parkanonkamppailu.fi\/index.php?rest_route=%2Fwp%2Fv2%2Fcomments&post=42"}],"version-history":[{"count":11,"href":"https:\/\/parkanonkamppailu.fi\/index.php?rest_route=\/wp\/v2\/pages\/42\/revisions"}],"predecessor-version":[{"id":404,"href":"https:\/\/parkanonkamppailu.fi\/index.php?rest_route=\/wp\/v2\/pages\/42\/revisions\/404"}],"wp:featuredmedia":[{"embeddable":true,"href":"https:\/\/parkanonkamppailu.fi\/index.php?rest_route=\/wp\/v2\/media\/400"}],"wp:attachment":[{"href":"https:\/\/parkanonkamppailu.fi\/index.php?rest_route=%2Fwp%2Fv2%2Fmedia&parent=42"}],"curies":[{"name":"wp","href":"https:\/\/api.w.org\/{rel}","templated":true}]}}