{"id":49,"date":"2016-11-13T19:33:09","date_gmt":"2016-11-13T19:33:09","guid":{"rendered":"http:\/\/parkanonkamppailu.fi.144-76-69-251.luminka.com\/?page_id=49"},"modified":"2024-01-13T13:22:16","modified_gmt":"2024-01-13T13:22:16","slug":"harjoitusajat","status":"publish","type":"page","link":"https:\/\/parkanonkamppailu.fi\/?page_id=49","title":{"rendered":"Harjoitusajat"},"content":{"rendered":"\n<p><strong>Aikuisten ja nuorten harjoitusajat&nbsp;<\/strong><\/p>\n\n\n\n<p>Tiistaisin klo 18.00 &#8211; 19.30<br>\nPerjantaisin klo 18.00 &#8211; 19.30<\/p>\n\n\n\n<p><strong>Junioreiden harjoitusajat (9-12 v.)<\/strong><\/p>\n\n\n\n<p>Tiistaisin klo 17.00 &#8211; 17.50<br>\nPerjantaisin klo 17.00 &#8211; 17.50<\/p>\n\n\n\n<p><\/p>\n\n\n\n<p>Sali harrastajien k\u00e4yt\u00f6ss\u00e4 omaehtoiseen harjoitteluun 24\/7.<\/p>\n\n\n\n<p>Lue hinnoista ja tarvittavista varusteita linkist\u00e4 <a href=\"https:\/\/parkanonkamppailu.fi\/wp-content\/uploads\/2023\/01\/Hinnasto2023.pdf\">Hinnasto2023<\/a>&nbsp;.<\/p>\n","protected":false},"excerpt":{"rendered":"<p>Aikuisten ja nuorten harjoitusajat&nbsp; Tiistaisin klo 18.00 &#8211; 19.30 Perjantaisin klo 18.00 &#8211; 19.30 Junioreiden harjoitusajat (9-12 v.) Tiistaisin klo 17.00 &#8211; 17.50 Perjantaisin klo 17.00 &#8211; 17.50 Sali harrastajien k\u00e4yt\u00f6ss\u00e4 omaehtoiseen harjoitteluun 24\/7. Lue hinnoista ja tarvittavista varusteita linkist\u00e4 Hinnasto2023&nbsp;.<\/p>\n","protected":false},"author":2,"featured_media":0,"parent":0,"menu_order":0,"comment_status":"closed","ping_status":"closed","template":"template-fullwidth.php","meta":{"footnotes":""},"class_list":["post-49","page","type-page","status-publish","hentry"],"_links":{"self":[{"href":"https:\/\/parkanonkamppailu.fi\/index.php?rest_route=\/wp\/v2\/pages\/49","targetHints":{"allow":["GET"]}}],"collection":[{"href":"https:\/\/parkanonkamppailu.fi\/index.php?rest_route=\/wp\/v2\/pages"}],"about":[{"href":"https:\/\/parkanonkamppailu.fi\/index.php?rest_route=\/wp\/v2\/types\/page"}],"author":[{"embeddable":true,"href":"https:\/\/parkanonkamppailu.fi\/index.php?rest_route=\/wp\/v2\/users\/2"}],"replies":[{"embeddable":true,"href":"https:\/\/parkanonkamppailu.fi\/index.php?rest_route=%2Fwp%2Fv2%2Fcomments&post=49"}],"version-history":[{"count":14,"href":"https:\/\/parkanonkamppailu.fi\/index.php?rest_route=\/wp\/v2\/pages\/49\/revisions"}],"predecessor-version":[{"id":443,"href":"https:\/\/parkanonkamppailu.fi\/index.php?rest_route=\/wp\/v2\/pages\/49\/revisions\/443"}],"wp:attachment":[{"href":"https:\/\/parkanonkamppailu.fi\/index.php?rest_route=%2Fwp%2Fv2%2Fmedia&parent=49"}],"curies":[{"name":"wp","href":"https:\/\/api.w.org\/{rel}","templated":true}]}}