{"id":56,"date":"2016-11-13T19:38:39","date_gmt":"2016-11-13T19:38:39","guid":{"rendered":"http:\/\/parkanonkamppailu.fi.144-76-69-251.luminka.com\/?page_id=56"},"modified":"2023-05-24T19:10:13","modified_gmt":"2023-05-24T19:10:13","slug":"56-2","status":"publish","type":"page","link":"https:\/\/parkanonkamppailu.fi\/?page_id=56","title":{"rendered":"Ohjaajat"},"content":{"rendered":"<p><strong>P\u00e4\u00e4ohjaaja<\/strong><\/p>\n<p>Juha Tuominen<br \/>\n4.dan musta vy\u00f6, Shotokan Karate, The British Association for Martial Arts<br \/>\n3.dan musta vy\u00f6, Koryu Uchinadi Karate<br \/>\n1. dan musta vy\u00f6, Shotokan karate JKA (Japan karate Association)<br \/>\nKansainv\u00e4linen Shidoin &#8211; opettajalisenssi.<\/p>\n<p><strong>Ohjaajat<\/strong><\/p>\n<p>Miika Juurakko 1. dan musta vy\u00f6, Koryu Uchinadi karate<br \/>\nVille Ojaniemi 1. dan musta vy\u00f6, Koryu Uchinadi karate<br \/>\nJuha Valli 1. dan musta vy\u00f6, Koryu Uchinadi karate<br \/>\nSaija Papunen 1. dan musta vy\u00f6, Koryu Uchinadi karate<br \/>\nMaiju Myllym\u00e4ki 1. kyu ruskea vy\u00f6, Koryu Uchinadi karate<br \/>\nJarkko Vainionp\u00e4\u00e4, 2. dan Shotokan karate JKA (Japan karate Association)<\/p>\n<p><b>\u00a0<\/b><\/p>\n","protected":false},"excerpt":{"rendered":"<p>P\u00e4\u00e4ohjaaja Juha Tuominen 4.dan musta vy\u00f6, Shotokan Karate, The British Association for Martial Arts 3.dan musta vy\u00f6, Koryu Uchinadi Karate 1. dan musta vy\u00f6, Shotokan karate JKA (Japan karate Association) Kansainv\u00e4linen Shidoin &#8211; opettajalisenssi. Ohjaajat Miika Juurakko 1. dan musta vy\u00f6, Koryu Uchinadi karate Ville Ojaniemi 1. dan musta vy\u00f6, Koryu Uchinadi karate Juha Valli 1. dan musta vy\u00f6, Koryu<\/p>\n","protected":false},"author":2,"featured_media":0,"parent":0,"menu_order":0,"comment_status":"closed","ping_status":"closed","template":"template-fullwidth.php","meta":{"footnotes":""},"class_list":["post-56","page","type-page","status-publish","hentry"],"_links":{"self":[{"href":"https:\/\/parkanonkamppailu.fi\/index.php?rest_route=\/wp\/v2\/pages\/56","targetHints":{"allow":["GET"]}}],"collection":[{"href":"https:\/\/parkanonkamppailu.fi\/index.php?rest_route=\/wp\/v2\/pages"}],"about":[{"href":"https:\/\/parkanonkamppailu.fi\/index.php?rest_route=\/wp\/v2\/types\/page"}],"author":[{"embeddable":true,"href":"https:\/\/parkanonkamppailu.fi\/index.php?rest_route=\/wp\/v2\/users\/2"}],"replies":[{"embeddable":true,"href":"https:\/\/parkanonkamppailu.fi\/index.php?rest_route=%2Fwp%2Fv2%2Fcomments&post=56"}],"version-history":[{"count":22,"href":"https:\/\/parkanonkamppailu.fi\/index.php?rest_route=\/wp\/v2\/pages\/56\/revisions"}],"predecessor-version":[{"id":394,"href":"https:\/\/parkanonkamppailu.fi\/index.php?rest_route=\/wp\/v2\/pages\/56\/revisions\/394"}],"wp:attachment":[{"href":"https:\/\/parkanonkamppailu.fi\/index.php?rest_route=%2Fwp%2Fv2%2Fmedia&parent=56"}],"curies":[{"name":"wp","href":"https:\/\/api.w.org\/{rel}","templated":true}]}}