{"id":61,"date":"2016-11-13T19:43:39","date_gmt":"2016-11-13T19:43:39","guid":{"rendered":"http:\/\/parkanonkamppailu.fi.144-76-69-251.luminka.com\/?page_id=61"},"modified":"2019-08-09T19:29:42","modified_gmt":"2019-08-09T19:29:42","slug":"sensei","status":"publish","type":"page","link":"https:\/\/parkanonkamppailu.fi\/?page_id=61","title":{"rendered":"Sensei"},"content":{"rendered":"<p><img loading=\"lazy\" decoding=\"async\" class=\"size-medium wp-image-65 alignleft\" src=\"https:\/\/parkanonkamppailu.fi.144-76-69-251.luminka.com\/wp-content\/uploads\/2016\/11\/Blades-300x225.jpg\" alt=\"blades\" width=\"300\" height=\"225\" srcset=\"https:\/\/parkanonkamppailu.fi\/wp-content\/uploads\/2016\/11\/Blades-300x225.jpg 300w, https:\/\/parkanonkamppailu.fi\/wp-content\/uploads\/2016\/11\/Blades-768x576.jpg 768w, https:\/\/parkanonkamppailu.fi\/wp-content\/uploads\/2016\/11\/Blades.jpg 960w\" sizes=\"auto, (max-width: 300px) 100vw, 300px\" \/><\/p>\n<p><strong>Sensei Juha Tuominen<\/strong><\/p>\n<p>Karaten harrastamisen Juha aloitti vuonna 1989. Ensimm\u00e4iset 10 vuotta harjoittelu keskittyi kilpakarateen. T\u00e4m\u00e4n j\u00e4lkeen p\u00e4\u00e4paino on ollut kamppailutaidon kokonaisvaltaisessa oppimisessa ja kehittymisess\u00e4.<\/p>\n<p><strong>Vy\u00f6arvot<\/strong><\/p>\n<p>Shidoin (kansainv\u00e4linen opettaja-arvo)<br \/>\nShotokan karate 4.dan (The British Association for Martial Arts)<br \/>\nKoryu Uchinadi 3.dan (International Ryukyu Karate Research Society)<br \/>\nShotokan karate 1.dan (Japan karate association)<\/p>\n<p>Kuvassa 4.dan graduointitilaisuus Newton Abbotissa Englannissa 16.5.2015. Vy\u00f6kokeen vastaanotti Kyoshi Anthony Blades 7.dan.<\/p>\n<p><strong>Kilpaurheilutausta:<\/strong>\u00a0Nelj\u00e4 Shotokan karaten Suomen mestaruutta. Kaksi Suomen\u00a0karateliiton SM-pronssia. Shotokan karaten EM- 1994 Puola, pistesija (9-16\/ osallistuja yli 100) ja Shotokan karaten EM- 1995 Pori, sijat 5-6 (yli sadan osallistujan joukosta). 1990-luvulla Shotokan karaten ottelut k\u00e4ytiin ilman k\u00e4si- tai jalkasuojia ja EM- kisat my\u00f6s ilman painoluokkia.<\/p>\n<p><strong>Keskeisi\u00e4 valmentajia uran aikana.<\/strong><\/p>\n<p>Hanshi Patric McCarthy, Koryu Uchinadi 9. Dan<br \/>\nKyoshi Ante Br\u00e4nnbacka, Koryu Uchinadi 6. Dan<br \/>\nTuomo M\u00e4ntyniemi, BJJ, Purppura, NKU<br \/>\nWilly J. Ortiz, Shotokan karate 6. Dan<br \/>\nJarkko Vainionp\u00e4\u00e4, Shotokan karate 2 Dan.<br \/>\nRenshi\u00a0John Burke 6.dan Shotokan karate, Englanti Newton Abbot<\/p>\n<p><strong>Muut lajit:<\/strong><br \/>\nBrasilian jiujitsu<br \/>\nJudo<br \/>\nEuropean Kyusho Jitsu Tuite<br \/>\nShootfighting<\/p>\n<div id=\"i7rqrfq5\" data-reactid=\".0.$SITE_ROOT.$desktop_siteRoot.$PAGES_CONTAINER.1.1.$SITE_PAGES.$c1j74_DESKTOP.1.$i7rqrfq5\"><strong>Muut yhteisty\u00f6tahot:<\/strong><br \/>\nRenshi\u00a0Martyn Harris 5. dan Okinawan kempo, Wales Cardiff<\/div>\n<div id=\"i7rt0vhc\" data-reactid=\".0.$SITE_ROOT.$desktop_siteRoot.$PAGES_CONTAINER.1.1.$SITE_PAGES.$c1j74_DESKTOP.1.$i7rt0vhc\">\n<p>Juha on toiminut pitk\u00e4\u00e4n turvallisuusalan yritt\u00e4j\u00e4n\u00e4, vartijan ja j\u00e4rjestyksenvalvojan teht\u00e4viss\u00e4 sek\u00e4 kouluttanut uhkatilanteiden hallintaa ja voimank\u00e4ytt\u00f6\u00e4 ty\u00f6ns\u00e4 puitteissa. Nykyisi\u00e4 Juha toimii yritt\u00e4j\u00e4n\u00e4 ja on koulutukseltaan KTM.<\/p>\n<\/div>\n","protected":false},"excerpt":{"rendered":"<p>Sensei Juha Tuominen Karaten harrastamisen Juha aloitti vuonna 1989. Ensimm\u00e4iset 10 vuotta harjoittelu keskittyi kilpakarateen. T\u00e4m\u00e4n j\u00e4lkeen p\u00e4\u00e4paino on ollut kamppailutaidon kokonaisvaltaisessa oppimisessa ja kehittymisess\u00e4. Vy\u00f6arvot Shidoin (kansainv\u00e4linen opettaja-arvo) Shotokan karate 4.dan (The British Association for Martial Arts) Koryu Uchinadi 3.dan (International Ryukyu Karate Research Society) Shotokan karate 1.dan (Japan karate association) Kuvassa 4.dan graduointitilaisuus Newton Abbotissa Englannissa 16.5.2015. Vy\u00f6kokeen<\/p>\n","protected":false},"author":2,"featured_media":0,"parent":0,"menu_order":0,"comment_status":"closed","ping_status":"closed","template":"template-fullwidth.php","meta":{"footnotes":""},"class_list":["post-61","page","type-page","status-publish","hentry"],"_links":{"self":[{"href":"https:\/\/parkanonkamppailu.fi\/index.php?rest_route=\/wp\/v2\/pages\/61","targetHints":{"allow":["GET"]}}],"collection":[{"href":"https:\/\/parkanonkamppailu.fi\/index.php?rest_route=\/wp\/v2\/pages"}],"about":[{"href":"https:\/\/parkanonkamppailu.fi\/index.php?rest_route=\/wp\/v2\/types\/page"}],"author":[{"embeddable":true,"href":"https:\/\/parkanonkamppailu.fi\/index.php?rest_route=\/wp\/v2\/users\/2"}],"replies":[{"embeddable":true,"href":"https:\/\/parkanonkamppailu.fi\/index.php?rest_route=%2Fwp%2Fv2%2Fcomments&post=61"}],"version-history":[{"count":24,"href":"https:\/\/parkanonkamppailu.fi\/index.php?rest_route=\/wp\/v2\/pages\/61\/revisions"}],"predecessor-version":[{"id":327,"href":"https:\/\/parkanonkamppailu.fi\/index.php?rest_route=\/wp\/v2\/pages\/61\/revisions\/327"}],"wp:attachment":[{"href":"https:\/\/parkanonkamppailu.fi\/index.php?rest_route=%2Fwp%2Fv2%2Fmedia&parent=61"}],"curies":[{"name":"wp","href":"https:\/\/api.w.org\/{rel}","templated":true}]}}