{"id":83,"date":"2016-11-13T20:01:23","date_gmt":"2016-11-13T20:01:23","guid":{"rendered":"http:\/\/parkanonkamppailu.fi.144-76-69-251.luminka.com\/?page_id=83"},"modified":"2024-01-13T12:26:18","modified_gmt":"2024-01-13T12:26:18","slug":"muut-lajit","status":"publish","type":"page","link":"https:\/\/parkanonkamppailu.fi\/?page_id=83","title":{"rendered":"Muut lajit"},"content":{"rendered":"\n<p><strong>Shotokan karate<\/strong><\/p>\n\n\n\n<p>Shotokan karate on seuramme ensimm\u00e4inen tyylisuunta, jonka harjoitteleminen aloitettiin jo vuonna 1989. Lajin harjoitteleminen hiipui Parkanossa 2000- luvun taitteessa harrastajien muuttaessa pois paikkakunnalta.<\/p>\n\n\n\n<p>Shotokan on suoraviivainen ja tehokas karaten tyylisuunta ja\u00a0todenn\u00e4k\u00f6isesti maailman levinnein karaten muoto. Monet maailman parhaat kilpakaratekat ovat juuri Shotokan karatekoita. My\u00f6skin MMA kehiss\u00e4 maailmalla mainetta on niitt\u00e4nyt Shotokan karatekoita, mm. entinen UFC mestari Lyoto Machida.<\/p>\n\n\n\n<p>Vaikka seuramme p\u00e4\u00e4tyylisuunta on Koryu Uchinadi ja noudatamme Koryu Uchinadin opetussuunnitelmaa, monet harjoittelemamme itsepuolustussovellukset ovat l\u00f6ydett\u00e4viss\u00e4 my\u00f6s Shotokan karaten katoista. Otteluharjoittelussamme my\u00f6s n\u00e4kyy Shotokan karaten vaikutus.<\/p>\n\n\n\n<p><strong>Muut lajit<\/strong><\/p>\n\n\n\n<p>Tekniikka- ja harjoitusvalikoimamme on saanut vaikutteita my\u00f6s muista lajeista, kuten judosta, nyrkkeilyst\u00e4, brasilialaisesta jiujitsusta.\u00a0Harjoittelemme sit\u00e4 mik\u00e4 on tehokasta, emme v\u00e4ltt\u00e4m\u00e4tt\u00e4 sit\u00e4 mik\u00e4 on kaikkein n\u00e4ytt\u00e4vint\u00e4. Itsepuolustusharjoittelun tulee koostua realistisista ja tehokkaista tekniikoista ja harjoitteista.<\/p>\n","protected":false},"excerpt":{"rendered":"<p>Shotokan karate Shotokan karate on seuramme ensimm\u00e4inen tyylisuunta, jonka harjoitteleminen aloitettiin jo vuonna 1989. Lajin harjoitteleminen hiipui Parkanossa 2000- luvun taitteessa harrastajien muuttaessa pois paikkakunnalta. Shotokan on suoraviivainen ja tehokas karaten tyylisuunta ja\u00a0todenn\u00e4k\u00f6isesti maailman levinnein karaten muoto. Monet maailman parhaat kilpakaratekat ovat juuri Shotokan karatekoita. My\u00f6skin MMA kehiss\u00e4 maailmalla mainetta on niitt\u00e4nyt Shotokan karatekoita, mm. entinen UFC mestari Lyoto Machida.<\/p>\n","protected":false},"author":2,"featured_media":0,"parent":0,"menu_order":0,"comment_status":"closed","ping_status":"closed","template":"template-fullwidth.php","meta":{"footnotes":""},"class_list":["post-83","page","type-page","status-publish","hentry"],"_links":{"self":[{"href":"https:\/\/parkanonkamppailu.fi\/index.php?rest_route=\/wp\/v2\/pages\/83","targetHints":{"allow":["GET"]}}],"collection":[{"href":"https:\/\/parkanonkamppailu.fi\/index.php?rest_route=\/wp\/v2\/pages"}],"about":[{"href":"https:\/\/parkanonkamppailu.fi\/index.php?rest_route=\/wp\/v2\/types\/page"}],"author":[{"embeddable":true,"href":"https:\/\/parkanonkamppailu.fi\/index.php?rest_route=\/wp\/v2\/users\/2"}],"replies":[{"embeddable":true,"href":"https:\/\/parkanonkamppailu.fi\/index.php?rest_route=%2Fwp%2Fv2%2Fcomments&post=83"}],"version-history":[{"count":3,"href":"https:\/\/parkanonkamppailu.fi\/index.php?rest_route=\/wp\/v2\/pages\/83\/revisions"}],"predecessor-version":[{"id":420,"href":"https:\/\/parkanonkamppailu.fi\/index.php?rest_route=\/wp\/v2\/pages\/83\/revisions\/420"}],"wp:attachment":[{"href":"https:\/\/parkanonkamppailu.fi\/index.php?rest_route=%2Fwp%2Fv2%2Fmedia&parent=83"}],"curies":[{"name":"wp","href":"https:\/\/api.w.org\/{rel}","templated":true}]}}